{"id":140,"date":"2022-08-01T21:21:21","date_gmt":"2022-08-01T21:21:21","guid":{"rendered":"https:\/\/cryptotrade-corp.com\/?page_id=140"},"modified":"2022-08-02T18:06:19","modified_gmt":"2022-08-02T18:06:19","slug":"medio-ambiente","status":"publish","type":"page","link":"https:\/\/cryptotrade-corp.com\/en\/environment\/","title":{"rendered":"Environment"},"content":{"rendered":"<div data-elementor-type=\"wp-page\" data-elementor-id=\"140\" class=\"elementor elementor-140\" data-elementor-post-type=\"page\">\n\t\t\t\t\t\t<section class=\"elementor-section elementor-top-section elementor-element elementor-element-7241be36 elementor-section-content-middle elementor-section-boxed elementor-section-height-default elementor-section-height-default\" data-id=\"7241be36\" data-element_type=\"section\" data-e-type=\"section\" data-settings=\"{&quot;background_background&quot;:&quot;classic&quot;}\">\n\t\t\t\t\t\t\t<div class=\"elementor-background-overlay\"><\/div>\n\t\t\t\t\t\t\t<div class=\"elementor-container elementor-column-gap-wider\">\n\t\t\t\t\t<div class=\"elementor-column elementor-col-100 elementor-top-column elementor-element elementor-element-198a2626\" data-id=\"198a2626\" data-element_type=\"column\" data-e-type=\"column\">\n\t\t\t<div class=\"elementor-widget-wrap elementor-element-populated\">\n\t\t\t\t\t\t\t<\/div>\n\t\t<\/div>\n\t\t\t\t\t<\/div>\n\t\t<\/section>\n\t\t\t\t<section class=\"elementor-section elementor-top-section elementor-element elementor-element-344480bf elementor-section-boxed elementor-section-height-default elementor-section-height-default\" data-id=\"344480bf\" data-element_type=\"section\" data-e-type=\"section\" data-settings=\"{&quot;background_background&quot;:&quot;classic&quot;}\">\n\t\t\t\t\t\t<div class=\"elementor-container elementor-column-gap-wider\">\n\t\t\t\t\t<div class=\"elementor-column elementor-col-50 elementor-top-column elementor-element elementor-element-1159617f\" data-id=\"1159617f\" data-element_type=\"column\" data-e-type=\"column\">\n\t\t\t<div class=\"elementor-widget-wrap elementor-element-populated\">\n\t\t\t\t\t\t<div class=\"elementor-element elementor-element-48564b83 elementor-position-inline-end elementor-widget__width-auto elementor-view-default elementor-mobile-position-block-start elementor-invisible elementor-widget elementor-widget-icon-box\" data-id=\"48564b83\" data-element_type=\"widget\" data-e-type=\"widget\" data-settings=\"{&quot;_animation&quot;:&quot;fadeInDown&quot;}\" data-widget_type=\"icon-box.default\">\n\t\t\t\t<div class=\"elementor-widget-container\">\n\t\t\t\t\t\t\t<div class=\"elementor-icon-box-wrapper\">\n\n\t\t\t\t\t\t<div class=\"elementor-icon-box-icon\">\n\t\t\t\t<span  class=\"elementor-icon\">\n\t\t\t\t<i aria-hidden=\"true\" class=\"fas fa-square-full\"><\/i>\t\t\t\t<\/span>\n\t\t\t<\/div>\n\t\t\t\n\t\t\t\t\t\t<div class=\"elementor-icon-box-content\">\n\n\t\t\t\t\t\t\t\t\t<div class=\"elementor-icon-box-title\">\n\t\t\t\t\t\t<span  >\n\t\t\t\t\t\t\tWE CARE FOR THE ENVIRONMENT\t\t\t\t\t\t<\/span>\n\t\t\t\t\t<\/div>\n\t\t\t\t\n\t\t\t\t\n\t\t\t<\/div>\n\t\t\t\n\t\t<\/div>\n\t\t\t\t\t\t<\/div>\n\t\t\t\t<\/div>\n\t\t\t\t<div class=\"elementor-element elementor-element-3b8a3814 elementor-invisible elementor-widget elementor-widget-heading\" data-id=\"3b8a3814\" data-element_type=\"widget\" data-e-type=\"widget\" data-settings=\"{&quot;_animation&quot;:&quot;fadeInDown&quot;}\" data-widget_type=\"heading.default\">\n\t\t\t\t<div class=\"elementor-widget-container\">\n\t\t\t\t\t<p class=\"elementor-heading-title elementor-size-default\">We are Crypto Trade Corp, a company committed to the mitigation of the environmental footprint, complying with all international regulations.<\/p>\t\t\t\t<\/div>\n\t\t\t\t<\/div>\n\t\t\t\t<div class=\"elementor-element elementor-element-152e0c7f elementor-invisible elementor-widget elementor-widget-text-editor\" data-id=\"152e0c7f\" data-element_type=\"widget\" data-e-type=\"widget\" data-settings=\"{&quot;_animation&quot;:&quot;fadeInDown&quot;}\" data-widget_type=\"text-editor.default\">\n\t\t\t\t<div class=\"elementor-widget-container\">\n\t\t\t\t\t\t\t\t\t<p>Within our internal regulations, our employees abide by:<\/p><ul><li class=\"p1\">Include clients with a social responsibility policy in the selection process.<\/li><li class=\"p1\">Encourage investors to reduce their environmental footprint.<\/li><li class=\"p1\">Investigate internal processes to reduce the environmental footprint.<\/li><li class=\"p2\">3R Policy<span class=\"Apple-converted-space\">\u00a0<\/span><\/li><\/ul><p><br \/>We have reduced our electrical process emissions from crypto ecosystems by 12% by using less invasive networks.<\/p><p>Our computers and electronic equipment are configured to hibernate or shut down according to their work role.<\/p>\t\t\t\t\t\t\t\t<\/div>\n\t\t\t\t<\/div>\n\t\t\t\t<div class=\"elementor-element elementor-element-21e9ee41 elementor-mobile-align-center elementor-widget elementor-widget-button\" data-id=\"21e9ee41\" data-element_type=\"widget\" data-e-type=\"widget\" data-widget_type=\"button.default\">\n\t\t\t\t<div class=\"elementor-widget-container\">\n\t\t\t\t\t\t\t\t\t<div class=\"elementor-button-wrapper\">\n\t\t\t\t\t<a class=\"elementor-button elementor-button-link elementor-size-lg\" href=\"https:\/\/cryptotrade-corp.com\/en\/contact\/\">\n\t\t\t\t\t\t<span class=\"elementor-button-content-wrapper\">\n\t\t\t\t\t\t\t\t\t<span class=\"elementor-button-text\">Contact us<\/span>\n\t\t\t\t\t<\/span>\n\t\t\t\t\t<\/a>\n\t\t\t\t<\/div>\n\t\t\t\t\t\t\t\t<\/div>\n\t\t\t\t<\/div>\n\t\t\t\t\t<\/div>\n\t\t<\/div>\n\t\t\t\t<div class=\"elementor-column elementor-col-50 elementor-top-column elementor-element elementor-element-3aaef60\" data-id=\"3aaef60\" data-element_type=\"column\" data-e-type=\"column\" data-settings=\"{&quot;background_background&quot;:&quot;classic&quot;}\">\n\t\t\t<div class=\"elementor-widget-wrap elementor-element-populated\">\n\t\t\t\t\t\t<div class=\"elementor-element elementor-element-2a86a2b elementor-widget elementor-widget-image\" data-id=\"2a86a2b\" data-element_type=\"widget\" data-e-type=\"widget\" data-widget_type=\"image.default\">\n\t\t\t\t<div class=\"elementor-widget-container\">\n\t\t\t\t\t\t\t\t\t\t\t\t\t\t\t<img fetchpriority=\"high\" decoding=\"async\" width=\"800\" height=\"533\" src=\"https:\/\/cryptotrade-corp.com\/wp-content\/uploads\/2022\/08\/hike-in-the-forest-1024x682.jpg\" class=\"attachment-large size-large wp-image-679\" alt=\"Hike in the forest\" srcset=\"https:\/\/cryptotrade-corp.com\/wp-content\/uploads\/2022\/08\/hike-in-the-forest-1024x682.jpg 1024w, https:\/\/cryptotrade-corp.com\/wp-content\/uploads\/2022\/08\/hike-in-the-forest-300x200.jpg 300w, https:\/\/cryptotrade-corp.com\/wp-content\/uploads\/2022\/08\/hike-in-the-forest-768x512.jpg 768w, https:\/\/cryptotrade-corp.com\/wp-content\/uploads\/2022\/08\/hike-in-the-forest-1536x1024.jpg 1536w, https:\/\/cryptotrade-corp.com\/wp-content\/uploads\/2022\/08\/hike-in-the-forest-18x12.jpg 18w, https:\/\/cryptotrade-corp.com\/wp-content\/uploads\/2022\/08\/hike-in-the-forest.jpg 2000w\" sizes=\"(max-width: 800px) 100vw, 800px\" \/>\t\t\t\t\t\t\t\t\t\t\t\t\t\t\t<\/div>\n\t\t\t\t<\/div>\n\t\t\t\t<div class=\"elementor-element elementor-element-c0ab1db elementor-widget elementor-widget-image\" data-id=\"c0ab1db\" data-element_type=\"widget\" data-e-type=\"widget\" data-widget_type=\"image.default\">\n\t\t\t\t<div class=\"elementor-widget-container\">\n\t\t\t\t\t\t\t\t\t\t\t\t\t\t\t<img decoding=\"async\" width=\"800\" height=\"534\" src=\"https:\/\/cryptotrade-corp.com\/wp-content\/uploads\/2022\/08\/jungle-bridge-1024x684.jpg\" class=\"attachment-large size-large wp-image-680\" alt=\"Jungle Bridge\" srcset=\"https:\/\/cryptotrade-corp.com\/wp-content\/uploads\/2022\/08\/jungle-bridge-1024x684.jpg 1024w, https:\/\/cryptotrade-corp.com\/wp-content\/uploads\/2022\/08\/jungle-bridge-300x200.jpg 300w, https:\/\/cryptotrade-corp.com\/wp-content\/uploads\/2022\/08\/jungle-bridge-768x513.jpg 768w, https:\/\/cryptotrade-corp.com\/wp-content\/uploads\/2022\/08\/jungle-bridge-1536x1025.jpg 1536w, https:\/\/cryptotrade-corp.com\/wp-content\/uploads\/2022\/08\/jungle-bridge-18x12.jpg 18w, https:\/\/cryptotrade-corp.com\/wp-content\/uploads\/2022\/08\/jungle-bridge.jpg 2000w\" sizes=\"(max-width: 800px) 100vw, 800px\" \/>\t\t\t\t\t\t\t\t\t\t\t\t\t\t\t<\/div>\n\t\t\t\t<\/div>\n\t\t\t\t\t<\/div>\n\t\t<\/div>\n\t\t\t\t\t<\/div>\n\t\t<\/section>\n\t\t\t\t<\/div>","protected":false},"excerpt":{"rendered":"<p>CUIDAMOS EL MEDIO AMBIENTE Somos Crypto Trade Corp, una compa\u00f1\u00eda comprometida con la mitigaci\u00f3n de la huella ambiental, cumpliendo con todas las regulaciones internacionales. Dentro de nuestra normativa interna, nuestros colaboradores acatan: Incluir dentro de los procesos de selecci\u00f3n a clientes que tengan una pol\u00edtica de responsabilidad social Incentivar a los inversores para disminuir su [&hellip;]<\/p>\n","protected":false},"author":3,"featured_media":0,"parent":0,"menu_order":0,"comment_status":"closed","ping_status":"closed","template":"elementor_header_footer","meta":{"footnotes":""},"class_list":["post-140","page","type-page","status-publish","hentry"],"_links":{"self":[{"href":"https:\/\/cryptotrade-corp.com\/en\/wp-json\/wp\/v2\/pages\/140","targetHints":{"allow":["GET"]}}],"collection":[{"href":"https:\/\/cryptotrade-corp.com\/en\/wp-json\/wp\/v2\/pages"}],"about":[{"href":"https:\/\/cryptotrade-corp.com\/en\/wp-json\/wp\/v2\/types\/page"}],"author":[{"embeddable":true,"href":"https:\/\/cryptotrade-corp.com\/en\/wp-json\/wp\/v2\/users\/3"}],"replies":[{"embeddable":true,"href":"https:\/\/cryptotrade-corp.com\/en\/wp-json\/wp\/v2\/comments?post=140"}],"version-history":[{"count":10,"href":"https:\/\/cryptotrade-corp.com\/en\/wp-json\/wp\/v2\/pages\/140\/revisions"}],"predecessor-version":[{"id":689,"href":"https:\/\/cryptotrade-corp.com\/en\/wp-json\/wp\/v2\/pages\/140\/revisions\/689"}],"wp:attachment":[{"href":"https:\/\/cryptotrade-corp.com\/en\/wp-json\/wp\/v2\/media?parent=140"}],"curies":[{"name":"wp","href":"https:\/\/api.w.org\/{rel}","templated":true}]}}