{"id":132,"date":"2022-08-01T21:20:15","date_gmt":"2022-08-01T21:20:15","guid":{"rendered":"https:\/\/cryptotrade-corp.com\/?page_id=132"},"modified":"2022-08-02T03:19:34","modified_gmt":"2022-08-02T03:19:34","slug":"variables-de-inversion","status":"publish","type":"page","link":"https:\/\/cryptotrade-corp.com\/en\/investment-variables\/","title":{"rendered":"Investment variables"},"content":{"rendered":"<div data-elementor-type=\"wp-page\" data-elementor-id=\"132\" class=\"elementor elementor-132\" data-elementor-post-type=\"page\">\n\t\t\t\t\t\t<section class=\"elementor-section elementor-top-section elementor-element elementor-element-16a06d52 elementor-section-content-middle elementor-section-boxed elementor-section-height-default elementor-section-height-default\" data-id=\"16a06d52\" data-element_type=\"section\" data-e-type=\"section\" data-settings=\"{&quot;background_background&quot;:&quot;classic&quot;}\">\n\t\t\t\t\t\t\t<div class=\"elementor-background-overlay\"><\/div>\n\t\t\t\t\t\t\t<div class=\"elementor-container elementor-column-gap-wider\">\n\t\t\t\t\t<div class=\"elementor-column elementor-col-100 elementor-top-column elementor-element elementor-element-5afa83d8\" data-id=\"5afa83d8\" data-element_type=\"column\" data-e-type=\"column\">\n\t\t\t<div class=\"elementor-widget-wrap elementor-element-populated\">\n\t\t\t\t\t\t\t<\/div>\n\t\t<\/div>\n\t\t\t\t\t<\/div>\n\t\t<\/section>\n\t\t\t\t<section class=\"elementor-section elementor-top-section elementor-element elementor-element-46322c2 elementor-section-boxed elementor-section-height-default elementor-section-height-default\" data-id=\"46322c2\" data-element_type=\"section\" data-e-type=\"section\" data-settings=\"{&quot;background_background&quot;:&quot;classic&quot;}\">\n\t\t\t\t\t\t<div class=\"elementor-container elementor-column-gap-wider\">\n\t\t\t\t\t<div class=\"elementor-column elementor-col-50 elementor-top-column elementor-element elementor-element-293efca2\" data-id=\"293efca2\" data-element_type=\"column\" data-e-type=\"column\">\n\t\t\t<div class=\"elementor-widget-wrap elementor-element-populated\">\n\t\t\t\t\t\t<div class=\"elementor-element elementor-element-4805c094 elementor-position-inline-end elementor-widget__width-auto elementor-view-default elementor-mobile-position-block-start elementor-invisible elementor-widget elementor-widget-icon-box\" data-id=\"4805c094\" data-element_type=\"widget\" data-e-type=\"widget\" data-settings=\"{&quot;_animation&quot;:&quot;fadeInDown&quot;}\" data-widget_type=\"icon-box.default\">\n\t\t\t\t<div class=\"elementor-widget-container\">\n\t\t\t\t\t\t\t<div class=\"elementor-icon-box-wrapper\">\n\n\t\t\t\t\t\t<div class=\"elementor-icon-box-icon\">\n\t\t\t\t<span  class=\"elementor-icon\">\n\t\t\t\t<i aria-hidden=\"true\" class=\"fas fa-square-full\"><\/i>\t\t\t\t<\/span>\n\t\t\t<\/div>\n\t\t\t\n\t\t\t\t\t\t<div class=\"elementor-icon-box-content\">\n\n\t\t\t\t\t\t\t\t\t<div class=\"elementor-icon-box-title\">\n\t\t\t\t\t\t<span  >\n\t\t\t\t\t\t\tAt Crypto Trade\t\t\t\t\t\t<\/span>\n\t\t\t\t\t<\/div>\n\t\t\t\t\n\t\t\t\t\n\t\t\t<\/div>\n\t\t\t\n\t\t<\/div>\n\t\t\t\t\t\t<\/div>\n\t\t\t\t<\/div>\n\t\t\t\t<div class=\"elementor-element elementor-element-4263b797 elementor-invisible elementor-widget elementor-widget-heading\" data-id=\"4263b797\" data-element_type=\"widget\" data-e-type=\"widget\" data-settings=\"{&quot;_animation&quot;:&quot;fadeInDown&quot;}\" data-widget_type=\"heading.default\">\n\t\t\t\t<div class=\"elementor-widget-container\">\n\t\t\t\t\t<p class=\"elementor-heading-title elementor-size-default\">Our objectives are clear:<\/p>\t\t\t\t<\/div>\n\t\t\t\t<\/div>\n\t\t\t\t<div class=\"elementor-element elementor-element-32e2489d elementor-invisible elementor-widget elementor-widget-text-editor\" data-id=\"32e2489d\" data-element_type=\"widget\" data-e-type=\"widget\" data-settings=\"{&quot;_animation&quot;:&quot;fadeInDown&quot;}\" data-widget_type=\"text-editor.default\">\n\t\t\t\t<div class=\"elementor-widget-container\">\n\t\t\t\t\t\t\t\t\t<ul><li class=\"p1\">Making the right investment decisions<\/li><li class=\"p1\">Maximizing returns<\/li><li class=\"p1\">Creating impact in communities<\/li><li class=\"p1\">Continuous training of our staff<\/li><li class=\"p1\">Maintaining long-term relationships<\/li><li class=\"p2\">Creating strategies based on best practices<\/li><\/ul>\t\t\t\t\t\t\t\t<\/div>\n\t\t\t\t<\/div>\n\t\t\t\t<div class=\"elementor-element elementor-element-757decde elementor-mobile-align-center elementor-widget elementor-widget-button\" data-id=\"757decde\" data-element_type=\"widget\" data-e-type=\"widget\" data-widget_type=\"button.default\">\n\t\t\t\t<div class=\"elementor-widget-container\">\n\t\t\t\t\t\t\t\t\t<div class=\"elementor-button-wrapper\">\n\t\t\t\t\t<a class=\"elementor-button elementor-button-link elementor-size-lg\" href=\"https:\/\/cryptotrade-corp.com\/en\/contact\/\">\n\t\t\t\t\t\t<span class=\"elementor-button-content-wrapper\">\n\t\t\t\t\t\t\t\t\t<span class=\"elementor-button-text\">Contact us<\/span>\n\t\t\t\t\t<\/span>\n\t\t\t\t\t<\/a>\n\t\t\t\t<\/div>\n\t\t\t\t\t\t\t\t<\/div>\n\t\t\t\t<\/div>\n\t\t\t\t<div class=\"elementor-element elementor-element-80c5ea2 elementor-widget elementor-widget-image\" data-id=\"80c5ea2\" data-element_type=\"widget\" data-e-type=\"widget\" data-widget_type=\"image.default\">\n\t\t\t\t<div class=\"elementor-widget-container\">\n\t\t\t\t\t\t\t\t\t\t\t\t\t\t\t<img fetchpriority=\"high\" decoding=\"async\" width=\"800\" height=\"533\" src=\"https:\/\/cryptotrade-corp.com\/wp-content\/uploads\/2022\/08\/bitcoin-investment-stockbroker-risk-analysis-trend-movement-1024x682.jpg\" class=\"attachment-large size-large wp-image-465\" alt=\"bitcoin investment stockbroker risk analysis trend movement\" srcset=\"https:\/\/cryptotrade-corp.com\/wp-content\/uploads\/2022\/08\/bitcoin-investment-stockbroker-risk-analysis-trend-movement-1024x682.jpg 1024w, https:\/\/cryptotrade-corp.com\/wp-content\/uploads\/2022\/08\/bitcoin-investment-stockbroker-risk-analysis-trend-movement-300x200.jpg 300w, https:\/\/cryptotrade-corp.com\/wp-content\/uploads\/2022\/08\/bitcoin-investment-stockbroker-risk-analysis-trend-movement-768x512.jpg 768w, https:\/\/cryptotrade-corp.com\/wp-content\/uploads\/2022\/08\/bitcoin-investment-stockbroker-risk-analysis-trend-movement-1536x1024.jpg 1536w, https:\/\/cryptotrade-corp.com\/wp-content\/uploads\/2022\/08\/bitcoin-investment-stockbroker-risk-analysis-trend-movement-18x12.jpg 18w, https:\/\/cryptotrade-corp.com\/wp-content\/uploads\/2022\/08\/bitcoin-investment-stockbroker-risk-analysis-trend-movement.jpg 2000w\" sizes=\"(max-width: 800px) 100vw, 800px\" \/>\t\t\t\t\t\t\t\t\t\t\t\t\t\t\t<\/div>\n\t\t\t\t<\/div>\n\t\t\t\t<div class=\"elementor-element elementor-element-4bebf5b elementor-widget elementor-widget-image\" data-id=\"4bebf5b\" data-element_type=\"widget\" data-e-type=\"widget\" data-widget_type=\"image.default\">\n\t\t\t\t<div class=\"elementor-widget-container\">\n\t\t\t\t\t\t\t\t\t\t\t\t\t\t\t<img decoding=\"async\" width=\"800\" height=\"534\" src=\"https:\/\/cryptotrade-corp.com\/wp-content\/uploads\/2022\/08\/bitcoins-and-dollars-1024x684.jpg\" class=\"attachment-large size-large wp-image-629\" alt=\"Bitcoins and dollars\" srcset=\"https:\/\/cryptotrade-corp.com\/wp-content\/uploads\/2022\/08\/bitcoins-and-dollars-1024x684.jpg 1024w, https:\/\/cryptotrade-corp.com\/wp-content\/uploads\/2022\/08\/bitcoins-and-dollars-300x200.jpg 300w, https:\/\/cryptotrade-corp.com\/wp-content\/uploads\/2022\/08\/bitcoins-and-dollars-768x513.jpg 768w, https:\/\/cryptotrade-corp.com\/wp-content\/uploads\/2022\/08\/bitcoins-and-dollars-1536x1025.jpg 1536w, https:\/\/cryptotrade-corp.com\/wp-content\/uploads\/2022\/08\/bitcoins-and-dollars-18x12.jpg 18w, https:\/\/cryptotrade-corp.com\/wp-content\/uploads\/2022\/08\/bitcoins-and-dollars.jpg 2000w\" sizes=\"(max-width: 800px) 100vw, 800px\" \/>\t\t\t\t\t\t\t\t\t\t\t\t\t\t\t<\/div>\n\t\t\t\t<\/div>\n\t\t\t\t\t<\/div>\n\t\t<\/div>\n\t\t\t\t<div class=\"elementor-column elementor-col-50 elementor-top-column elementor-element elementor-element-2a989a90\" data-id=\"2a989a90\" data-element_type=\"column\" data-e-type=\"column\" data-settings=\"{&quot;background_background&quot;:&quot;classic&quot;}\">\n\t\t\t<div class=\"elementor-widget-wrap elementor-element-populated\">\n\t\t\t\t\t\t<div class=\"elementor-element elementor-element-883781c elementor-widget elementor-widget-image\" data-id=\"883781c\" data-element_type=\"widget\" data-e-type=\"widget\" data-widget_type=\"image.default\">\n\t\t\t\t<div class=\"elementor-widget-container\">\n\t\t\t\t\t\t\t\t\t\t\t\t\t\t\t<img decoding=\"async\" width=\"800\" height=\"533\" src=\"https:\/\/cryptotrade-corp.com\/wp-content\/uploads\/2022\/08\/family-couple-discusses-making-future-investments-pose-in-coworking-space-work-on-modern-computer-1024x682.jpg\" class=\"attachment-large size-large wp-image-589\" alt=\"Family couple discusses making future investments, pose in coworking space, work on modern computer\" srcset=\"https:\/\/cryptotrade-corp.com\/wp-content\/uploads\/2022\/08\/family-couple-discusses-making-future-investments-pose-in-coworking-space-work-on-modern-computer-1024x682.jpg 1024w, https:\/\/cryptotrade-corp.com\/wp-content\/uploads\/2022\/08\/family-couple-discusses-making-future-investments-pose-in-coworking-space-work-on-modern-computer-300x200.jpg 300w, https:\/\/cryptotrade-corp.com\/wp-content\/uploads\/2022\/08\/family-couple-discusses-making-future-investments-pose-in-coworking-space-work-on-modern-computer-768x512.jpg 768w, https:\/\/cryptotrade-corp.com\/wp-content\/uploads\/2022\/08\/family-couple-discusses-making-future-investments-pose-in-coworking-space-work-on-modern-computer-1536x1024.jpg 1536w, https:\/\/cryptotrade-corp.com\/wp-content\/uploads\/2022\/08\/family-couple-discusses-making-future-investments-pose-in-coworking-space-work-on-modern-computer-18x12.jpg 18w, https:\/\/cryptotrade-corp.com\/wp-content\/uploads\/2022\/08\/family-couple-discusses-making-future-investments-pose-in-coworking-space-work-on-modern-computer.jpg 2000w\" sizes=\"(max-width: 800px) 100vw, 800px\" \/>\t\t\t\t\t\t\t\t\t\t\t\t\t\t\t<\/div>\n\t\t\t\t<\/div>\n\t\t\t\t<section class=\"elementor-section elementor-inner-section elementor-element elementor-element-9649ed7 elementor-section-boxed elementor-section-height-default elementor-section-height-default\" data-id=\"9649ed7\" data-element_type=\"section\" data-e-type=\"section\">\n\t\t\t\t\t\t<div class=\"elementor-container elementor-column-gap-default\">\n\t\t\t\t\t<div class=\"elementor-column elementor-col-50 elementor-inner-column elementor-element elementor-element-61f8a04\" data-id=\"61f8a04\" data-element_type=\"column\" data-e-type=\"column\">\n\t\t\t<div class=\"elementor-widget-wrap elementor-element-populated\">\n\t\t\t\t\t\t<div class=\"elementor-element elementor-element-d15c8cd elementor-view-default elementor-widget elementor-widget-icon\" data-id=\"d15c8cd\" data-element_type=\"widget\" data-e-type=\"widget\" data-widget_type=\"icon.default\">\n\t\t\t\t<div class=\"elementor-widget-container\">\n\t\t\t\t\t\t\t<div class=\"elementor-icon-wrapper\">\n\t\t\t<div class=\"elementor-icon\">\n\t\t\t<i aria-hidden=\"true\" class=\"far fa-edit\"><\/i>\t\t\t<\/div>\n\t\t<\/div>\n\t\t\t\t\t\t<\/div>\n\t\t\t\t<\/div>\n\t\t\t\t\t<\/div>\n\t\t<\/div>\n\t\t\t\t<div class=\"elementor-column elementor-col-50 elementor-inner-column elementor-element elementor-element-2425572\" data-id=\"2425572\" data-element_type=\"column\" data-e-type=\"column\">\n\t\t\t<div class=\"elementor-widget-wrap elementor-element-populated\">\n\t\t\t\t\t\t<div class=\"elementor-element elementor-element-36751f8 elementor-widget elementor-widget-icon-box\" data-id=\"36751f8\" data-element_type=\"widget\" data-e-type=\"widget\" data-widget_type=\"icon-box.default\">\n\t\t\t\t<div class=\"elementor-widget-container\">\n\t\t\t\t\t\t\t<div class=\"elementor-icon-box-wrapper\">\n\n\t\t\t\n\t\t\t\t\t\t<div class=\"elementor-icon-box-content\">\n\n\t\t\t\t\t\t\t\t\t<p class=\"elementor-icon-box-title\">\n\t\t\t\t\t\t<span  >\n\t\t\t\t\t\t\t100% customized contracts\t\t\t\t\t\t<\/span>\n\t\t\t\t\t<\/p>\n\t\t\t\t\n\t\t\t\t\t\t\t\t\t<p class=\"elementor-icon-box-description\">\n\t\t\t\t\t\tIf you are looking for a secure investment, at Crypto Trade Corp each client or investor is completely different and for this reason our advisors are trained to help you choose a personalized contract according to your possibilities.\t\t\t\t\t<\/p>\n\t\t\t\t\n\t\t\t<\/div>\n\t\t\t\n\t\t<\/div>\n\t\t\t\t\t\t<\/div>\n\t\t\t\t<\/div>\n\t\t\t\t\t<\/div>\n\t\t<\/div>\n\t\t\t\t\t<\/div>\n\t\t<\/section>\n\t\t\t\t<section class=\"elementor-section elementor-inner-section elementor-element elementor-element-a296cad elementor-section-boxed elementor-section-height-default elementor-section-height-default\" data-id=\"a296cad\" data-element_type=\"section\" data-e-type=\"section\">\n\t\t\t\t\t\t<div class=\"elementor-container elementor-column-gap-default\">\n\t\t\t\t\t<div class=\"elementor-column elementor-col-50 elementor-inner-column elementor-element elementor-element-3c36665\" data-id=\"3c36665\" data-element_type=\"column\" data-e-type=\"column\">\n\t\t\t<div class=\"elementor-widget-wrap elementor-element-populated\">\n\t\t\t\t\t\t<div class=\"elementor-element elementor-element-8ca0f22 elementor-view-default elementor-widget elementor-widget-icon\" data-id=\"8ca0f22\" data-element_type=\"widget\" data-e-type=\"widget\" data-widget_type=\"icon.default\">\n\t\t\t\t<div class=\"elementor-widget-container\">\n\t\t\t\t\t\t\t<div class=\"elementor-icon-wrapper\">\n\t\t\t<div class=\"elementor-icon\">\n\t\t\t<i aria-hidden=\"true\" class=\"fas fa-certificate\"><\/i>\t\t\t<\/div>\n\t\t<\/div>\n\t\t\t\t\t\t<\/div>\n\t\t\t\t<\/div>\n\t\t\t\t\t<\/div>\n\t\t<\/div>\n\t\t\t\t<div class=\"elementor-column elementor-col-50 elementor-inner-column elementor-element elementor-element-0a9b7d7\" data-id=\"0a9b7d7\" data-element_type=\"column\" data-e-type=\"column\">\n\t\t\t<div class=\"elementor-widget-wrap elementor-element-populated\">\n\t\t\t\t\t\t<div class=\"elementor-element elementor-element-d23a10a elementor-widget elementor-widget-icon-box\" data-id=\"d23a10a\" data-element_type=\"widget\" data-e-type=\"widget\" data-widget_type=\"icon-box.default\">\n\t\t\t\t<div class=\"elementor-widget-container\">\n\t\t\t\t\t\t\t<div class=\"elementor-icon-box-wrapper\">\n\n\t\t\t\n\t\t\t\t\t\t<div class=\"elementor-icon-box-content\">\n\n\t\t\t\t\t\t\t\t\t<p class=\"elementor-icon-box-title\">\n\t\t\t\t\t\t<span  >\n\t\t\t\t\t\t\tCollateral Guarantees\t\t\t\t\t\t<\/span>\n\t\t\t\t\t<\/p>\n\t\t\t\t\n\t\t\t\t\t\t\t\t\t<p class=\"elementor-icon-box-description\">\n\t\t\t\t\t\tIn Crypto Trade Corp we want you to invest in a sustainable way, however not all investors or clients meet our selection standards, so, in addition to the selection filter, we ask these investors or clients for the relevant collateral guarantees according to the study, in this way we provide support to our entire community.\t\t\t\t\t<\/p>\n\t\t\t\t\n\t\t\t<\/div>\n\t\t\t\n\t\t<\/div>\n\t\t\t\t\t\t<\/div>\n\t\t\t\t<\/div>\n\t\t\t\t\t<\/div>\n\t\t<\/div>\n\t\t\t\t\t<\/div>\n\t\t<\/section>\n\t\t\t\t<section class=\"elementor-section elementor-inner-section elementor-element elementor-element-3fb09d7 elementor-section-boxed elementor-section-height-default elementor-section-height-default\" data-id=\"3fb09d7\" data-element_type=\"section\" data-e-type=\"section\">\n\t\t\t\t\t\t<div class=\"elementor-container elementor-column-gap-default\">\n\t\t\t\t\t<div class=\"elementor-column elementor-col-50 elementor-inner-column elementor-element elementor-element-2bd4e68\" data-id=\"2bd4e68\" data-element_type=\"column\" data-e-type=\"column\">\n\t\t\t<div class=\"elementor-widget-wrap elementor-element-populated\">\n\t\t\t\t\t\t<div class=\"elementor-element elementor-element-bb7f295 elementor-view-default elementor-widget elementor-widget-icon\" data-id=\"bb7f295\" data-element_type=\"widget\" data-e-type=\"widget\" data-widget_type=\"icon.default\">\n\t\t\t\t<div class=\"elementor-widget-container\">\n\t\t\t\t\t\t\t<div class=\"elementor-icon-wrapper\">\n\t\t\t<div class=\"elementor-icon\">\n\t\t\t<i aria-hidden=\"true\" class=\"fas fa-certificate\"><\/i>\t\t\t<\/div>\n\t\t<\/div>\n\t\t\t\t\t\t<\/div>\n\t\t\t\t<\/div>\n\t\t\t\t\t<\/div>\n\t\t<\/div>\n\t\t\t\t<div class=\"elementor-column elementor-col-50 elementor-inner-column elementor-element elementor-element-0a95573\" data-id=\"0a95573\" data-element_type=\"column\" data-e-type=\"column\">\n\t\t\t<div class=\"elementor-widget-wrap elementor-element-populated\">\n\t\t\t\t\t\t<div class=\"elementor-element elementor-element-33e3a30 elementor-widget elementor-widget-icon-box\" data-id=\"33e3a30\" data-element_type=\"widget\" data-e-type=\"widget\" data-widget_type=\"icon-box.default\">\n\t\t\t\t<div class=\"elementor-widget-container\">\n\t\t\t\t\t\t\t<div class=\"elementor-icon-box-wrapper\">\n\n\t\t\t\n\t\t\t\t\t\t<div class=\"elementor-icon-box-content\">\n\n\t\t\t\t\t\t\t\t\t<p class=\"elementor-icon-box-title\">\n\t\t\t\t\t\t<span  >\n\t\t\t\t\t\t\tValue-added operations\t\t\t\t\t\t<\/span>\n\t\t\t\t\t<\/p>\n\t\t\t\t\n\t\t\t\t\t\t\t\t\t<p class=\"elementor-icon-box-description\">\n\t\t\t\t\t\tThe whole methodology of work in Crypto Trade Corp is summarized in empowering your business with capital.\nWhen this happens, your business begins to improve exponentially: Operational improvement, Administrative improvement, Improved sales, Improvement in personnel training, Improvement in logistic processes ,Improvement in marketing process marketing.\n\t\t\t\t\t<\/p>\n\t\t\t\t\n\t\t\t<\/div>\n\t\t\t\n\t\t<\/div>\n\t\t\t\t\t\t<\/div>\n\t\t\t\t<\/div>\n\t\t\t\t\t<\/div>\n\t\t<\/div>\n\t\t\t\t\t<\/div>\n\t\t<\/section>\n\t\t\t\t\t<\/div>\n\t\t<\/div>\n\t\t\t\t\t<\/div>\n\t\t<\/section>\n\t\t\t\t<\/div>","protected":false},"excerpt":{"rendered":"<p>EN CRYPTO TRADE Nuestros objetivos son claros: Toma de decisiones correctas en temas de inversiones Maximizar rendimientos Crear impacto en comunidades Capacitaci\u00f3n continua en nuestro personal Mantener las relaciones de largo plazo Creaci\u00f3n de estrategias con base en las mejores practicas Cont\u00e1ctenos Contratos 100% personalizados Si lo que est\u00e1 buscando es realizar una inversi\u00f3n segura, [&hellip;]<\/p>\n","protected":false},"author":3,"featured_media":0,"parent":0,"menu_order":0,"comment_status":"closed","ping_status":"closed","template":"elementor_header_footer","meta":{"footnotes":""},"class_list":["post-132","page","type-page","status-publish","hentry"],"_links":{"self":[{"href":"https:\/\/cryptotrade-corp.com\/en\/wp-json\/wp\/v2\/pages\/132","targetHints":{"allow":["GET"]}}],"collection":[{"href":"https:\/\/cryptotrade-corp.com\/en\/wp-json\/wp\/v2\/pages"}],"about":[{"href":"https:\/\/cryptotrade-corp.com\/en\/wp-json\/wp\/v2\/types\/page"}],"author":[{"embeddable":true,"href":"https:\/\/cryptotrade-corp.com\/en\/wp-json\/wp\/v2\/users\/3"}],"replies":[{"embeddable":true,"href":"https:\/\/cryptotrade-corp.com\/en\/wp-json\/wp\/v2\/comments?post=132"}],"version-history":[{"count":28,"href":"https:\/\/cryptotrade-corp.com\/en\/wp-json\/wp\/v2\/pages\/132\/revisions"}],"predecessor-version":[{"id":632,"href":"https:\/\/cryptotrade-corp.com\/en\/wp-json\/wp\/v2\/pages\/132\/revisions\/632"}],"wp:attachment":[{"href":"https:\/\/cryptotrade-corp.com\/en\/wp-json\/wp\/v2\/media?parent=132"}],"curies":[{"name":"wp","href":"https:\/\/api.w.org\/{rel}","templated":true}]}}